{"id":5574,"date":"2016-12-03T15:44:41","date_gmt":"2016-12-03T14:44:41","guid":{"rendered":"http:\/\/demo.wpzoom.com\/inspiro\/?page_id=5574"},"modified":"2024-11-19T21:52:46","modified_gmt":"2024-11-20T02:52:46","slug":"services","status":"publish","type":"page","link":"https:\/\/weyoutravelcuba.com\/index.php\/services\/","title":{"rendered":"Servicios"},"content":{"rendered":"<h4>&#8211; Somos una agencia privada encargada de brindar el mejor servicio de excursi\u00f3n desde Varadero hacia distintos destinos de Cuba como La Habana, Trinidad, Santa Clara, Vi\u00f1ales, Ci\u00e9naga de Zapata, C\u00e1rdenas y Cienfuegos.<\/h4><h4>&#8211; Los clientes tiene la posibilidad de experimentar con nuestra nueva oferta visitar 2 ciudades en un solo d\u00eda. Como la Ciudad de Cienfuegos con Santa Clara o con el Nicho o con Trinidad, una experiencia que solo la puedes vivir con nosotros.<\/h4><h4>&#8211; Contamos con diferentes tipos de autom\u00f3viles, c\u00f3modos y climatizados para que su viaje sea de buena calidad.<\/h4><h4>&#8211; Usted tendr\u00e1 la posibilidad de retroceder en el tiempo al\u00a0 contratar autos de los a\u00f1os 50, certificados por la Compa\u00f1\u00eda Estatal de Seguros garantizando el confort, la calidad y la eficiencia del viaje.<\/h4><h4>&#8211; Usted podr\u00e1 pasar un d\u00eda maravilloso en compa\u00f1\u00eda de los mejores gu\u00edas tur\u00edsticos, visitando lugares hist\u00f3ricos, edificios coloniales, calles monumentales, bares y restaurantes de importancia, la flora y la fauna garantizando un d\u00eda inolvidable.<\/h4><p><\/p>\t\t\n\t\t\t<style>\/*! elementor - v3.15.0 - 20-08-2023 *\/\n.elementor-heading-title{padding:0;margin:0;line-height:1}.elementor-widget-heading .elementor-heading-title[class*=elementor-size-]>a{color:inherit;font-size:inherit;line-height:inherit}.elementor-widget-heading .elementor-heading-title.elementor-size-small{font-size:15px}.elementor-widget-heading .elementor-heading-title.elementor-size-medium{font-size:19px}.elementor-widget-heading .elementor-heading-title.elementor-size-large{font-size:29px}.elementor-widget-heading .elementor-heading-title.elementor-size-xl{font-size:39px}.elementor-widget-heading .elementor-heading-title.elementor-size-xxl{font-size:59px}<\/style><h1>Excursiones<\/h1>\t\t\n\t\t\t<style>\/*! elementor - v3.15.0 - 20-08-2023 *\/\n.elementor-column .elementor-spacer-inner{height:var(--spacer-size)}.e-con{--container-widget-width:100%}.e-con-inner>.elementor-widget-spacer,.e-con>.elementor-widget-spacer{width:var(--container-widget-width,var(--spacer-size));--align-self:var(--container-widget-align-self,initial);--flex-shrink:0}.e-con-inner>.elementor-widget-spacer>.elementor-widget-container,.e-con-inner>.elementor-widget-spacer>.elementor-widget-container>.elementor-spacer,.e-con>.elementor-widget-spacer>.elementor-widget-container,.e-con>.elementor-widget-spacer>.elementor-widget-container>.elementor-spacer{height:100%}.e-con-inner>.elementor-widget-spacer>.elementor-widget-container>.elementor-spacer>.elementor-spacer-inner,.e-con>.elementor-widget-spacer>.elementor-widget-container>.elementor-spacer>.elementor-spacer-inner{height:var(--container-widget-height,var(--spacer-size))}<\/style>\t\t\n\t\t\t<h2>La Habana<\/h2>\t\t\n\t\t<p>Con casi 1000 edificios de importancia hist\u00f3rica, este \u00edntimo barrio es quiz\u00e1s el complejo colonial mayor y mas completo de Am\u00e9rica. Como si de un museo de gente repleto de vida callejera se tratase &#8230;<\/p>\t\t\n\t\t\t<a href=\"https:\/\/weyoutravelcuba.com\/index.php\/la-habana\/\">\n\t\t\t\t\t\tLeer m\u00e1s\n\t\t\t\t\t<\/a>\n\t\t\t<h2>Trinidad<\/h2>\t\t\n\t\t<p>Fundada en 1514 por Diego Vel\u00e1zquez fue declarada Patrimonio de la Humanidad en 1988. En los siglos XVII Y XVIII fue un rico centro de comercio de esclavos y de la de la producci\u00f3n de az\u00facar, y\u00a0<\/p>\t\t\n\t\t\t<a href=\"https:\/\/weyoutravelcuba.com\/index.php\/trinidad\/\">\n\t\t\t\t\t\tleer m\u00e1s\n\t\t\t\t\t<\/a>\n\t\t\t<h2>Santa Clara<\/h2>\t\t\n\t\t<p>Santa Clara, capital de la provincia de Villa Clara y cabecera del municipio de igual nombre, es una ciudad localizada en las inmediaciones del centro geogr\u00e1fico de la Rep\u00fablica de Cuba.\u00a0<\/p>\t\t\n\t\t\t<a href=\"https:\/\/weyoutravelcuba.com\/index.php\/santa-clara\/\">\n\t\t\t\t\t\tleer  m\u00e1s\n\t\t\t\t\t<\/a>\n\t\t\t<h2>Vi\u00f1ales<\/h2>\t\t\n\t\t<p>Las monta\u00f1as cubiertas por pinos que comienzan al oeste de La Habana y pueblan la provincia de Pinar del R\u00edo son un para\u00edso para los amantes de la naturaleza, con parques naturales protegidos que albergan animales en peligro de extici\u00f3n. Las monta\u00f1as son m\u00e1s escarpadas hacia el oeste,<\/p>\t\t\n\t\t\t<a href=\"https:\/\/weyoutravelcuba.com\/index.php\/vinales\/\">\n\t\t\t\t\t\tLeer m\u00e1s\n\t\t\t\t\t<\/a>\n\t\t\t<h2>Ci\u00e9naga de Zapata<\/h2>\t\t\n\t\t<p>Protegida dentro de una enorme reserva de las biosfera, esta pen\u00ednsula est\u00e1 cubierta de pantanos y bosques rebosantes de fauna y flora. La costa est\u00e1 cuajada de playas de arena y arrecifes de coral, que atraen a los biceadores. Gran parte de la poblaci\u00f3n de la zona son carboneros, que se ganan la &#8230;..<\/p>\t\t\n\t\t\t<a href=\"https:\/\/weyoutravelcuba.com\/index.php\/cienaga-de-zapata\/\">\n\t\t\t\t\t\tleer m\u00e1s\n\t\t\t\t\t<\/a>\n\t\t\t<h2>Tour de la Az\u00facar<\/h2>\t\t\n\t\t<p><strong>San Juan de Dios de C\u00e1rdenas<\/strong>\u00a0o simplemente\u00a0<strong>C\u00e1rdenas<\/strong> es uno de los 13 municipios de la provincia cubana de Matanzas.\u00a0 C\u00e1rdenas, es tambi\u00e9n conocida como Ciudad Bandera o Ciudad de las Primicias, por hechos hist\u00f3ricos acontecidos en esta tierra matancera. <strong>Ciudad Bandera<\/strong>: Por haber ondeado en ella el 19 de mayo de 1850,<\/p>\t\t\n\t\t\t<a href=\"https:\/\/weyoutravelcuba.com\/index.php\/cardenas\/\">\n\t\t\t\t\t\tleer  m\u00e1s\n\t\t\t\t\t<\/a>\n\t\t\t<h2>Cienfuegos<\/h2>\t\t\n\t\t<p>,<\/p>\t\t\n\t\t\t<a role=\"button\">\n\t\t\t\t\t\tLeer m\u00e1s\n\t\t\t\t\t<\/a>\n\t\t\t<h2>Tour del Nicho<\/h2>\t\t\n\t\t<p>,<\/p>\t\t\n\t\t\t<a role=\"button\">\n\t\t\t\t\t\tleer m\u00e1s\n\t\t\t\t\t<\/a>\n\t\t\t<h2>Tour de Matanzas<\/h2>\t\t\n\t\t<p>,<\/p>\t\t\n\t\t\t<a role=\"button\">\n\t\t\t\t\t\tleer  m\u00e1s\n\t\t\t\t\t<\/a>\n\t\t\t<style>\/*! elementor - v3.15.0 - 20-08-2023 *\/\n.elementor-widget-divider{--divider-border-style:none;--divider-border-width:1px;--divider-color:#0c0d0e;--divider-icon-size:20px;--divider-element-spacing:10px;--divider-pattern-height:24px;--divider-pattern-size:20px;--divider-pattern-url:none;--divider-pattern-repeat:repeat-x}.elementor-widget-divider .elementor-divider{display:flex}.elementor-widget-divider .elementor-divider__text{font-size:15px;line-height:1;max-width:95%}.elementor-widget-divider .elementor-divider__element{margin:0 var(--divider-element-spacing);flex-shrink:0}.elementor-widget-divider .elementor-icon{font-size:var(--divider-icon-size)}.elementor-widget-divider .elementor-divider-separator{display:flex;margin:0;direction:ltr}.elementor-widget-divider--view-line_icon .elementor-divider-separator,.elementor-widget-divider--view-line_text .elementor-divider-separator{align-items:center}.elementor-widget-divider--view-line_icon .elementor-divider-separator:after,.elementor-widget-divider--view-line_icon .elementor-divider-separator:before,.elementor-widget-divider--view-line_text .elementor-divider-separator:after,.elementor-widget-divider--view-line_text .elementor-divider-separator:before{display:block;content:\"\";border-bottom:0;flex-grow:1;border-top:var(--divider-border-width) var(--divider-border-style) var(--divider-color)}.elementor-widget-divider--element-align-left .elementor-divider .elementor-divider-separator>.elementor-divider__svg:first-of-type{flex-grow:0;flex-shrink:100}.elementor-widget-divider--element-align-left .elementor-divider-separator:before{content:none}.elementor-widget-divider--element-align-left .elementor-divider__element{margin-left:0}.elementor-widget-divider--element-align-right .elementor-divider .elementor-divider-separator>.elementor-divider__svg:last-of-type{flex-grow:0;flex-shrink:100}.elementor-widget-divider--element-align-right .elementor-divider-separator:after{content:none}.elementor-widget-divider--element-align-right .elementor-divider__element{margin-right:0}.elementor-widget-divider:not(.elementor-widget-divider--view-line_text):not(.elementor-widget-divider--view-line_icon) .elementor-divider-separator{border-top:var(--divider-border-width) var(--divider-border-style) var(--divider-color)}.elementor-widget-divider--separator-type-pattern{--divider-border-style:none}.elementor-widget-divider--separator-type-pattern.elementor-widget-divider--view-line .elementor-divider-separator,.elementor-widget-divider--separator-type-pattern:not(.elementor-widget-divider--view-line) .elementor-divider-separator:after,.elementor-widget-divider--separator-type-pattern:not(.elementor-widget-divider--view-line) .elementor-divider-separator:before,.elementor-widget-divider--separator-type-pattern:not([class*=elementor-widget-divider--view]) .elementor-divider-separator{width:100%;min-height:var(--divider-pattern-height);-webkit-mask-size:var(--divider-pattern-size) 100%;mask-size:var(--divider-pattern-size) 100%;-webkit-mask-repeat:var(--divider-pattern-repeat);mask-repeat:var(--divider-pattern-repeat);background-color:var(--divider-color);-webkit-mask-image:var(--divider-pattern-url);mask-image:var(--divider-pattern-url)}.elementor-widget-divider--no-spacing{--divider-pattern-size:auto}.elementor-widget-divider--bg-round{--divider-pattern-repeat:round}.rtl .elementor-widget-divider .elementor-divider__text{direction:rtl}.e-con-inner>.elementor-widget-divider,.e-con>.elementor-widget-divider{width:var(--container-widget-width,100%);--flex-grow:var(--container-widget-flex-grow)}<\/style>\t\t\n\t\t<div style=\"width: 640px;\" class=\"wp-video\"><video class=\"wp-video-shortcode\" id=\"video-5574-1\" width=\"640\" height=\"360\" preload=\"metadata\" controls=\"controls\"><source type=\"video\/mp4\" src=\"http:\/\/weyoutravelcuba.com\/wp-content\/uploads\/2023\/09\/WeyouTravelCuba.mp4?_=1\" \/><a href=\"http:\/\/weyoutravelcuba.com\/wp-content\/uploads\/2023\/09\/WeyouTravelCuba.mp4\">http:\/\/weyoutravelcuba.com\/wp-content\/uploads\/2023\/09\/WeyouTravelCuba.mp4<\/a><\/video><\/div>\t\t\n\t\t\t<a href=\"https:\/\/weyoutravelcuba.com\/index.php\/portfolio\/\">\n\t\t\t\t\t\tVER M\u00c1S\n\t\t\t\t\t<\/a>","protected":false},"excerpt":{"rendered":"<p>&#8211; Somos una agencia privada encargada de brindar el mejor servicio de excursi\u00f3n desde Varadero hacia distintos destinos de Cuba como La Habana, Trinidad, Santa Clara, Vi\u00f1ales, Ci\u00e9naga de Zapata, C\u00e1rdenas y Cienfuegos.&#8211; Los clientes tiene la posibilidad de experimentar con nuestra nueva oferta visitar 2 ciudades en un solo d\u00eda. Como la Ciudad de [&hellip;]<\/p>\n","protected":false},"author":1,"featured_media":0,"parent":0,"menu_order":0,"comment_status":"open","ping_status":"closed","template":"","meta":{"om_disable_all_campaigns":false,"_monsterinsights_skip_tracking":false,"_monsterinsights_sitenote_active":false,"_monsterinsights_sitenote_note":"","_monsterinsights_sitenote_category":0,"ngg_post_thumbnail":0,"_themeisle_gutenberg_block_has_review":false,"footnotes":""},"class_list":["post-5574","page","type-page","status-publish","hentry"],"aioseo_notices":[],"_hostinger_reach_plugin_has_subscription_block":false,"_hostinger_reach_plugin_is_elementor":false,"jetpack_sharing_enabled":true,"featured_media_urls":[],"_links":{"self":[{"href":"https:\/\/weyoutravelcuba.com\/index.php\/wp-json\/wp\/v2\/pages\/5574","targetHints":{"allow":["GET"]}}],"collection":[{"href":"https:\/\/weyoutravelcuba.com\/index.php\/wp-json\/wp\/v2\/pages"}],"about":[{"href":"https:\/\/weyoutravelcuba.com\/index.php\/wp-json\/wp\/v2\/types\/page"}],"author":[{"embeddable":true,"href":"https:\/\/weyoutravelcuba.com\/index.php\/wp-json\/wp\/v2\/users\/1"}],"replies":[{"embeddable":true,"href":"https:\/\/weyoutravelcuba.com\/index.php\/wp-json\/wp\/v2\/comments?post=5574"}],"version-history":[{"count":208,"href":"https:\/\/weyoutravelcuba.com\/index.php\/wp-json\/wp\/v2\/pages\/5574\/revisions"}],"predecessor-version":[{"id":8280,"href":"https:\/\/weyoutravelcuba.com\/index.php\/wp-json\/wp\/v2\/pages\/5574\/revisions\/8280"}],"wp:attachment":[{"href":"https:\/\/weyoutravelcuba.com\/index.php\/wp-json\/wp\/v2\/media?parent=5574"}],"curies":[{"name":"wp","href":"https:\/\/api.w.org\/{rel}","templated":true}]}}