{"id":628,"date":"2009-05-06T11:43:24","date_gmt":"2009-05-06T09:43:24","guid":{"rendered":"http:\/\/wpzoom.com\/zenko\/demo\/?page_id=3"},"modified":"2025-11-14T23:40:22","modified_gmt":"2025-11-15T04:40:22","slug":"contact","status":"publish","type":"page","link":"https:\/\/weyoutravelcuba.com\/index.php\/contact\/","title":{"rendered":"Contactos"},"content":{"rendered":"<div data-colibri-id=\"628-c1\" class=\"style-845 style-local-628-c1 position-relative\">\n  <!---->\n  <div data-colibri-component=\"section\" data-colibri-id=\"628-c6\" id=\"custom\" class=\"h-section h-section-global-spacing d-flex align-items-lg-center align-items-md-center align-items-center style-850 style-local-628-c6 position-relative\">\n    <!---->\n    <!---->\n    <div class=\"h-section-grid-container h-section-boxed-container\">\n      <!---->\n      <div data-colibri-id=\"628-c7\" class=\"h-row-container gutters-row-lg-2 gutters-row-md-2 gutters-row-0 gutters-row-v-lg-2 gutters-row-v-md-2 gutters-row-v-2 style-853 style-local-628-c7 position-relative\">\n        <!---->\n        <div class=\"h-row justify-content-lg-center justify-content-md-center justify-content-center align-items-lg-stretch align-items-md-stretch align-items-stretch gutters-col-lg-2 gutters-col-md-2 gutters-col-0 gutters-col-v-lg-2 gutters-col-v-md-2 gutters-col-v-2\">\n          <!---->\n          <div class=\"h-column h-column-container d-flex h-col-lg-auto h-col-md-auto h-col-auto style-854-outer style-local-628-c8-outer\">\n            <div data-colibri-id=\"628-c8\" class=\"d-flex h-flex-basis h-column__inner h-px-lg-2 h-px-md-2 h-px-2 v-inner-lg-2 v-inner-md-2 v-inner-2 style-854 style-local-628-c8 position-relative\">\n              <!---->\n              <!---->\n              <div class=\"w-100 h-y-container h-column__content h-column__v-align flex-basis-100 align-self-lg-start align-self-md-start align-self-start\">\n                <!---->\n                <div data-colibri-id=\"628-c9\" class=\"h-global-transition-all h-heading style-855 style-local-628-c9 position-relative h-element\">\n                  <!---->\n                  <div class=\"h-heading__outer style-855 style-local-628-c9\">\n                    <!---->\n                    <!---->\n                    <h2 class=\"\">CONT\u00c1CTENOS<\/h2>\n                  <\/div>\n                <\/div>\n              <\/div>\n            <\/div>\n          <\/div>\n        <\/div>\n      <\/div>\n    <\/div>\n  <\/div>\n  <div data-colibri-component=\"section\" data-colibri-id=\"628-c10\" id=\"custom-2\" class=\"h-section h-section-global-spacing d-flex align-items-lg-center align-items-md-center align-items-center style-859 style-local-628-c10 position-relative\">\n    <!---->\n    <!---->\n    <div class=\"h-section-grid-container h-section-boxed-container\">\n      <!---->\n      <div data-colibri-id=\"628-c11\" class=\"h-row-container gutters-row-lg-2 gutters-row-md-2 gutters-row-0 gutters-row-v-lg-2 gutters-row-v-md-2 gutters-row-v-2 style-860 style-local-628-c11 position-relative\">\n        <!---->\n        <div class=\"h-row justify-content-lg-center justify-content-md-center justify-content-center align-items-lg-stretch align-items-md-stretch align-items-stretch gutters-col-lg-2 gutters-col-md-2 gutters-col-0 gutters-col-v-lg-2 gutters-col-v-md-2 gutters-col-v-2\">\n          <!---->\n          <div class=\"h-column h-column-container d-flex h-col-lg-auto h-col-md-auto h-col-auto style-861-outer style-local-628-c12-outer\">\n            <div data-colibri-id=\"628-c12\" class=\"d-flex h-flex-basis h-column__inner h-px-lg-2 h-px-md-2 h-px-2 v-inner-lg-2 v-inner-md-2 v-inner-2 style-861 style-local-628-c12 position-relative\">\n              <!---->\n              <!---->\n              <div class=\"w-100 h-y-container h-column__content h-column__v-align flex-basis-100 align-self-lg-start align-self-md-start align-self-start\">\n                <!---->\n                <div data-colibri-id=\"628-c13\" class=\"h-lead h-text h-text-component style-862 style-local-628-c13 position-relative h-element\">\n                  <!---->\n                  <!---->\n                  <div class=\"\">\n                    <p>Direcci\u00f3n: Calle 48 Varadero Matanzas Cuba.\n                      <br>\n                      <br>Tel\u00e9fono: +5355296012\n                      <br>\n                      <br>Correo electr\u00f3nico: weyoutravelcuba@gmail.com<\/p>\n                  <\/div>\n                <\/div>\n              <\/div>\n            <\/div>\n          <\/div>\n        <\/div>\n      <\/div>\n    <\/div>\n  <\/div>\n  <div data-colibri-component=\"section\" data-colibri-id=\"628-c14\" id=\"custom-3\" class=\"h-section h-section-global-spacing d-flex align-items-lg-center align-items-md-center align-items-center style-863 style-local-628-c14 position-relative\">\n    <!---->\n    <!---->\n    <div class=\"h-section-grid-container h-section-boxed-container\">\n      <!---->\n      <div data-colibri-id=\"628-c15\" class=\"h-row-container gutters-row-lg-2 gutters-row-md-2 gutters-row-0 gutters-row-v-lg-2 gutters-row-v-md-2 gutters-row-v-2 style-866 style-local-628-c15 position-relative\">\n        <!---->\n        <div class=\"h-row justify-content-lg-center justify-content-md-center justify-content-center align-items-lg-stretch align-items-md-stretch align-items-stretch gutters-col-lg-2 gutters-col-md-2 gutters-col-0 gutters-col-v-lg-2 gutters-col-v-md-2 gutters-col-v-2\">\n          <!---->\n          <div class=\"h-column h-column-container d-flex h-col-lg-auto h-col-md-auto h-col-auto style-867-outer style-local-628-c16-outer\">\n            <div data-colibri-id=\"628-c16\" class=\"d-flex h-flex-basis h-column__inner h-px-lg-2 h-px-md-2 h-px-2 v-inner-lg-2 v-inner-md-2 v-inner-2 style-867 style-local-628-c16 position-relative\">\n              <!---->\n              <!---->\n              <div class=\"w-100 h-y-container h-column__content h-column__v-align flex-basis-100 align-self-lg-start align-self-md-start align-self-start\">\n                <!---->\n                <div data-colibri-id=\"628-c17\" class=\"h-global-transition-all h-heading style-868 style-local-628-c17 position-relative h-element\">\n                  <!---->\n                  <div class=\"h-heading__outer style-868 style-local-628-c17\">\n                    <!---->\n                    <!---->\n                    <h1 class=\"\">S\u00cdGUENOS EN &#8230;<\/h1>\n                  <\/div>\n                <\/div>\n              <\/div>\n            <\/div>\n          <\/div>\n        <\/div>\n      <\/div>\n      <div data-colibri-id=\"628-c18\" class=\"h-row-container gutters-row-lg-2 gutters-row-md-2 gutters-row-0 gutters-row-v-lg-2 gutters-row-v-md-2 gutters-row-v-2 style-864 style-local-628-c18 position-relative\">\n        <!---->\n        <div class=\"h-row justify-content-lg-center justify-content-md-center justify-content-center align-items-lg-stretch align-items-md-stretch align-items-stretch gutters-col-lg-2 gutters-col-md-2 gutters-col-0 gutters-col-v-lg-2 gutters-col-v-md-2 gutters-col-v-2\">\n          <!---->\n          <div class=\"h-column h-column-container d-flex h-col-lg-auto h-col-md-auto h-col-auto style-865-outer style-local-628-c19-outer\">\n            <div data-colibri-id=\"628-c19\" class=\"d-flex h-flex-basis h-column__inner h-px-lg-2 h-px-md-2 h-px-2 v-inner-lg-2 v-inner-md-2 v-inner-2 style-865 style-local-628-c19 position-relative\">\n              <!---->\n              <!---->\n              <div class=\"w-100 h-y-container h-column__content h-column__v-align flex-basis-100 align-self-lg-start align-self-md-start align-self-start\">\n                <!---->\n                <div data-colibri-id=\"628-c20\" class=\"h-icon style-872 style-local-628-c20 position-relative h-element\">\n                  <!---->\n                  <a href=\"https:\/\/www.instagram.com\/weyoutravelcuba\/?igshid=NTc4MTIwNjQ2YQ%3D%3D\" h-use-smooth-scroll=\"true\"><span class=\"h-svg-icon h-icon__icon style-872-icon style-local-628-c20-icon\"><!--Icon by Font Awesome (https:\/\/fontawesome.com)-->\n    <svg version=\"1.1\" xmlns=\"http:\/\/www.w3.org\/2000\/svg\" xmlns:xlink=\"http:\/\/www.w3.org\/1999\/xlink\" id=\"instagram\" viewBox=\"0 0 1536 1896.0833\">\n      <path d=\"M1024 896q0-106-75-181t-181-75-181 75-75 181 75 181 181 75 181-75 75-181zm138 0q0 164-115 279t-279 115-279-115-115-279 115-279 279-115 279 115 115 279zm108-410q0 38-27 65t-65 27-65-27-27-65 27-65 65-27 65 27 27 65zM768 266q-7 0-76.5-.5t-105.5 0-96.5 3-103 10T315 297q-50 20-88 58t-58 88q-11 29-18.5 71.5t-10 103-3 96.5 0 105.5.5 76.5-.5 76.5 0 105.5 3 96.5 10 103T169 1349q20 50 58 88t88 58q29 11 71.5 18.5t103 10 96.5 3 105.5 0 76.5-.5 76.5.5 105.5 0 96.5-3 103-10 71.5-18.5q50-20 88-58t58-88q11-29 18.5-71.5t10-103 3-96.5 0-105.5-.5-76.5.5-76.5 0-105.5-3-96.5-10-103T1367 443q-20-50-58-88t-88-58q-29-11-71.5-18.5t-103-10-96.5-3-105.5 0-76.5.5zm768 630q0 229-5 317-10 208-124 322t-322 124q-88 5-317 5t-317-5q-208-10-322-124T5 1213q-5-88-5-317t5-317q10-208 124-322t322-124q88-5 317-5t317 5q208 10 322 124t124 322q5 88 5 317z\"><\/path>\n    <\/svg><\/span><\/a>\n                <\/div>\n              <\/div>\n            <\/div>\n          <\/div>\n          <div class=\"h-column h-column-container d-flex h-col-lg-auto h-col-md-auto h-col-auto style-873-outer style-local-628-c21-outer\">\n            <div data-colibri-id=\"628-c21\" class=\"d-flex h-flex-basis h-column__inner h-px-lg-2 h-px-md-2 h-px-2 v-inner-lg-2 v-inner-md-2 v-inner-2 style-873 style-local-628-c21 position-relative\">\n              <!---->\n              <!---->\n              <div class=\"w-100 h-y-container h-column__content h-column__v-align flex-basis-100 align-self-lg-start align-self-md-start align-self-start\">\n                <!---->\n                <div data-colibri-id=\"628-c22\" class=\"h-icon style-875 style-local-628-c22 position-relative h-element\">\n                  <!---->\n                  <a href=\"https:\/\/www.tripadvisor.com\/Attraction_Review-g147275-d27180908-Reviews-We_You_Travel_Cuba-Varadero_Matanzas_Province_Cuba.html\" h-use-smooth-scroll=\"true\"><span class=\"h-svg-icon h-icon__icon style-875-icon style-local-628-c22-icon\"><!--Icon by Socicon (http:\/\/www.socicon.com)--><svg version=\"1.1\" xmlns=\"http:\/\/www.w3.org\/2000\/svg\" viewBox=\"0 0 1500 1500\">\n\n<path d=\"M439.453 814.453c0 32.227-26.367 61.523-61.523 61.523-32.227 0-61.523-29.297-61.523-61.523 0-35.156 29.297-61.523 61.523-61.523 35.156 0 61.523 26.367 61.523 61.523zM1183.594 814.453c0 32.227-29.297 61.523-61.523 61.523-35.156 0-61.523-29.297-61.523-61.523 0-35.156 26.367-61.523 61.523-61.523 32.227 0 61.523 26.367 61.523 61.523zM377.93 632.813c-46.875 0-93.75 17.578-128.906 52.734-32.227 35.156-52.734 79.102-52.734 128.906 0 46.875 20.508 93.75 52.734 128.906 35.156 32.227 82.031 52.734 128.906 52.734 102.539 0 181.641-82.031 181.641-181.641s-79.102-181.641-181.641-181.641zM377.93 940.43c-32.227 0-64.453-14.648-87.891-38.086s-38.086-55.664-38.086-87.891c0-35.156 14.648-67.383 38.086-90.82s55.664-35.156 87.891-35.156c70.313 0 125.977 55.664 125.977 125.977s-55.664 125.977-125.977 125.977zM1122.070 632.813c-49.805 0-93.75 17.578-128.906 52.734s-52.734 79.102-52.734 128.906c0 46.875 17.578 93.75 52.734 128.906 35.156 32.227 79.102 52.734 128.906 52.734 99.609 0 181.641-82.031 181.641-181.641s-82.031-181.641-181.641-181.641zM1122.070 940.43c-35.156 0-67.383-14.648-90.82-38.086s-35.156-55.664-35.156-87.891c0-35.156 11.719-67.383 35.156-90.82s55.664-35.156 90.82-35.156c67.383 0 125.977 55.664 125.977 125.977s-58.594 125.977-125.977 125.977zM1415.039 574.219c14.648-43.945 35.156-93.75 64.453-123.047h-246.094c-5.859 0-8.789-2.93-14.648-2.93-11.719-20.508-105.469-140.625-474.609-140.625-407.227 0-477.539 143.555-477.539 143.555h-260.742c32.227 29.297 55.664 90.82 70.313 134.766-46.875 64.453-76.172 143.555-76.172 228.516 0 208.008 169.922 377.93 377.93 377.93 117.188 0 219.727-52.734 290.039-134.766l84.961 120.117 76.172-123.047c67.383 84.961 172.852 137.695 292.969 137.695 208.008 0 377.93-169.922 377.93-377.93 0-90.82-32.227-175.781-84.961-240.234zM377.93 1119.141c-166.992 0-304.688-137.695-304.688-304.688 0-169.922 137.695-304.688 304.688-304.688 169.922 0 304.688 134.766 304.688 304.688 0 166.992-134.766 304.688-304.688 304.688zM383.789 457.031c0 0 96.68-111.328 357.422-111.328h26.367c257.813 0 357.422 111.328 357.422 111.328s-278.32-46.875-372.070 295.898c-90.82-342.773-369.141-295.898-369.141-295.898zM1122.070 1119.141c-169.922 0-304.688-137.695-304.688-304.688 0-169.922 134.766-304.688 304.688-304.688 166.992 0 304.688 134.766 304.688 304.688 0 166.992-137.695 304.688-304.688 304.688z\"><\/path>\n<\/svg>\n<\/span><\/a>\n                <\/div>\n              <\/div>\n            <\/div>\n          <\/div>\n          <div class=\"h-column h-column-container d-flex h-col-lg-auto h-col-md-auto h-col-auto style-889-outer style-local-628-c31-outer\">\n            <div data-colibri-id=\"628-c31\" class=\"d-flex h-flex-basis h-column__inner h-px-lg-2 h-px-md-2 h-px-2 v-inner-lg-2 v-inner-md-2 v-inner-2 style-889 style-local-628-c31 position-relative\">\n              <!---->\n              <!---->\n              <div class=\"w-100 h-y-container h-column__content h-column__v-align flex-basis-100 align-self-lg-start align-self-md-start align-self-start\">\n                <!---->\n                <div data-colibri-id=\"628-c26\" class=\"h-icon style-883 style-local-628-c26 position-relative h-element\">\n                  <!---->\n                  <a href=\"https:\/\/www.facebook.com\/weyoutravelcuba\/?ref=_xav_ig_profile_page_web#\" h-use-smooth-scroll=\"true\"><span class=\"h-svg-icon h-icon__icon style-883-icon style-local-628-c26-icon\"><!--Icon by Font Awesome (https:\/\/fontawesome.com)-->\n    <svg version=\"1.1\" xmlns=\"http:\/\/www.w3.org\/2000\/svg\" xmlns:xlink=\"http:\/\/www.w3.org\/1999\/xlink\" id=\"facebook-square\" viewBox=\"0 0 1536 1896.0833\">\n      <path d=\"M1248 128q119 0 203.5 84.5T1536 416v960q0 119-84.5 203.5T1248 1664h-188v-595h199l30-232h-229V689q0-56 23.5-84t91.5-28l122-1V369q-63-9-178-9-136 0-217.5 80T820 666v171H620v232h200v595H288q-119 0-203.5-84.5T0 1376V416q0-119 84.5-203.5T288 128h960z\"><\/path>\n    <\/svg><\/span><\/a>\n                <\/div>\n              <\/div>\n            <\/div>\n          <\/div>\n          <div class=\"h-column h-column-container d-flex h-col-lg-auto h-col-md-auto h-col-auto style-890-outer style-local-628-c32-outer\">\n            <div data-colibri-id=\"628-c32\" class=\"d-flex h-flex-basis h-column__inner h-px-lg-2 h-px-md-2 h-px-2 v-inner-lg-2 v-inner-md-2 v-inner-2 style-890 style-local-628-c32 position-relative\">\n              <!---->\n              <!---->\n              <div class=\"w-100 h-y-container h-column__content h-column__v-align flex-basis-100 align-self-lg-start align-self-md-start align-self-start\">\n                <!---->\n                <div data-colibri-id=\"628-c28\" class=\"h-icon style-888 style-local-628-c28 position-relative h-element\">\n                  <!---->\n                  <a href=\"https:\/\/www.youtube.com\/results?search_query=weyoutravelcuba\" h-use-smooth-scroll=\"true\"><span class=\"h-svg-icon h-icon__icon style-888-icon style-local-628-c28-icon\"><!--Icon by Font Awesome (https:\/\/fontawesome.com)-->\n    <svg version=\"1.1\" xmlns=\"http:\/\/www.w3.org\/2000\/svg\" xmlns:xlink=\"http:\/\/www.w3.org\/1999\/xlink\" id=\"youtube-square\" viewBox=\"0 0 1536 1896.0833\">\n      <path d=\"M919 1303v-157q0-50-29-50-17 0-33 16v224q16 16 33 16 29 0 29-49zm184-122h66v-34q0-51-33-51t-33 51v34zM532 915v70h-80v423h-74V985h-78v-70h232zm201 126v367h-67v-40q-39 45-76 45-33 0-42-28-6-17-6-54v-290h66v270q0 24 1 26 1 15 15 15 20 0 42-31v-280h67zm252 111v146q0 52-7 73-12 42-53 42-35 0-68-41v36h-67V915h67v161q32-40 68-40 41 0 53 42 7 21 7 74zm251 129v9q0 29-2 43-3 22-15 40-27 40-80 40-52 0-81-38-21-27-21-86v-129q0-59 20-86 29-38 80-38t78 38q21 29 21 86v76h-133v65q0 51 34 51 24 0 30-26 0-1 .5-7t.5-16.5V1281h68zM785 457v156q0 51-32 51t-32-51V457q0-52 32-52t32 52zm533 713q0-177-19-260-10-44-43-73.5t-76-34.5q-136-15-412-15-275 0-411 15-44 5-76.5 34.5T238 910q-20 87-20 260 0 176 20 260 10 43 42.5 73t75.5 35q137 15 412 15t412-15q43-5 75.5-35t42.5-73q20-84 20-260zM563 519l90-296h-75l-51 195-53-195h-78q7 23 23 69l24 69q35 103 46 158v201h74V519zm289 81V470q0-58-21-87-29-38-78-38-51 0-78 38-21 29-21 87v130q0 58 21 87 27 38 78 38 49 0 78-38 21-27 21-87zm181 120h67V350h-67v283q-22 31-42 31-15 0-16-16-1-2-1-26V350h-67v293q0 37 6 55 11 27 43 27 36 0 77-45v40zm503-304v960q0 119-84.5 203.5T1248 1664H288q-119 0-203.5-84.5T0 1376V416q0-119 84.5-203.5T288 128h960q119 0 203.5 84.5T1536 416z\"><\/path>\n    <\/svg><\/span><\/a>\n                <\/div>\n              <\/div>\n            <\/div>\n          <\/div>\n        <\/div>\n      <\/div>\n    <\/div>\n  <\/div>\n<\/div>","protected":false},"excerpt":{"rendered":"<p>CONT\u00c1CTENOS Direcci\u00f3n: Calle 48 Varadero Matanzas Cuba. Tel\u00e9fono: +5355296012 Correo electr\u00f3nico: weyoutravelcuba@gmail.com S\u00cdGUENOS EN &#8230;<\/p>\n","protected":false},"author":1,"featured_media":0,"parent":0,"menu_order":0,"comment_status":"closed","ping_status":"closed","template":"page-templates\/full-width-page.php","meta":{"om_disable_all_campaigns":false,"_monsterinsights_skip_tracking":false,"_monsterinsights_sitenote_active":false,"_monsterinsights_sitenote_note":"","_monsterinsights_sitenote_category":0,"ngg_post_thumbnail":0,"_themeisle_gutenberg_block_has_review":false,"footnotes":""},"class_list":["post-628","page","type-page","status-publish","hentry"],"aioseo_notices":[],"_hostinger_reach_plugin_has_subscription_block":false,"_hostinger_reach_plugin_is_elementor":false,"jetpack_sharing_enabled":true,"featured_media_urls":[],"_links":{"self":[{"href":"https:\/\/weyoutravelcuba.com\/index.php\/wp-json\/wp\/v2\/pages\/628","targetHints":{"allow":["GET"]}}],"collection":[{"href":"https:\/\/weyoutravelcuba.com\/index.php\/wp-json\/wp\/v2\/pages"}],"about":[{"href":"https:\/\/weyoutravelcuba.com\/index.php\/wp-json\/wp\/v2\/types\/page"}],"author":[{"embeddable":true,"href":"https:\/\/weyoutravelcuba.com\/index.php\/wp-json\/wp\/v2\/users\/1"}],"replies":[{"embeddable":true,"href":"https:\/\/weyoutravelcuba.com\/index.php\/wp-json\/wp\/v2\/comments?post=628"}],"version-history":[{"count":20,"href":"https:\/\/weyoutravelcuba.com\/index.php\/wp-json\/wp\/v2\/pages\/628\/revisions"}],"predecessor-version":[{"id":9854,"href":"https:\/\/weyoutravelcuba.com\/index.php\/wp-json\/wp\/v2\/pages\/628\/revisions\/9854"}],"wp:attachment":[{"href":"https:\/\/weyoutravelcuba.com\/index.php\/wp-json\/wp\/v2\/media?parent=628"}],"curies":[{"name":"wp","href":"https:\/\/api.w.org\/{rel}","templated":true}]}}