{"id":8097,"date":"2023-09-22T17:32:31","date_gmt":"2023-09-22T15:32:31","guid":{"rendered":"https:\/\/weyoutravelcuba.com\/?page_id=8097"},"modified":"2025-11-15T15:53:49","modified_gmt":"2025-11-15T20:53:49","slug":"quienes-somos-2","status":"publish","type":"page","link":"https:\/\/weyoutravelcuba.com\/index.php\/quienes-somos-2\/","title":{"rendered":"\u00bfQui\u00e9nes Somos?"},"content":{"rendered":"<div data-colibri-id=\"8097-c1\" class=\"style-891 style-local-8097-c1 position-relative\">\n  <!---->\n  <div data-colibri-component=\"section\" data-colibri-id=\"8097-c6\" id=\"custom\" class=\"h-section h-section-global-spacing d-flex align-items-lg-center align-items-md-center align-items-center style-896 style-local-8097-c6 position-relative\">\n    <!---->\n    <!---->\n    <div class=\"h-section-grid-container h-section-boxed-container\">\n      <!---->\n      <div data-colibri-id=\"8097-c7\" class=\"h-row-container gutters-row-lg-2 gutters-row-md-2 gutters-row-0 gutters-row-v-lg-2 gutters-row-v-md-2 gutters-row-v-2 style-897 style-local-8097-c7 position-relative\">\n        <!---->\n        <div class=\"h-row justify-content-lg-center justify-content-md-center justify-content-center align-items-lg-stretch align-items-md-stretch align-items-stretch gutters-col-lg-2 gutters-col-md-2 gutters-col-0 gutters-col-v-lg-2 gutters-col-v-md-2 gutters-col-v-2\">\n          <!---->\n          <div class=\"h-column h-column-container d-flex h-col-lg-auto h-col-md-auto h-col-auto style-898-outer style-local-8097-c8-outer\">\n            <div data-colibri-id=\"8097-c8\" class=\"d-flex h-flex-basis h-column__inner h-px-lg-2 h-px-md-2 h-px-2 v-inner-lg-2 v-inner-md-2 v-inner-2 style-898 style-local-8097-c8 position-relative\">\n              <!---->\n              <!---->\n              <div class=\"w-100 h-y-container h-column__content h-column__v-align flex-basis-100 align-self-lg-start align-self-md-start align-self-start\">\n                <!---->\n                <div data-colibri-id=\"8097-c9\" class=\"h-global-transition-all h-heading style-899 style-local-8097-c9 position-relative h-element\">\n                  <!---->\n                  <div class=\"h-heading__outer style-899 style-local-8097-c9\">\n                    <!---->\n                    <!---->\n                    <h1 class=\"\">\u00bfQUI\u00c9NES SOMOS?<\/h1>\n                  <\/div>\n                <\/div>\n              <\/div>\n            <\/div>\n          <\/div>\n        <\/div>\n      <\/div>\n    <\/div>\n  <\/div>\n  <div data-colibri-component=\"section\" data-colibri-id=\"8097-c10\" id=\"custom-2\" class=\"h-section h-section-global-spacing d-flex align-items-lg-center align-items-md-center align-items-center style-900 style-local-8097-c10 position-relative\">\n    <!---->\n    <!---->\n    <div class=\"h-section-grid-container h-section-boxed-container\">\n      <!---->\n      <div data-colibri-id=\"8097-c11\" class=\"h-row-container gutters-row-lg-2 gutters-row-md-2 gutters-row-0 gutters-row-v-lg-2 gutters-row-v-md-2 gutters-row-v-2 style-901 style-local-8097-c11 position-relative\">\n        <!---->\n        <div class=\"h-row justify-content-lg-center justify-content-md-center justify-content-center align-items-lg-stretch align-items-md-stretch align-items-stretch gutters-col-lg-2 gutters-col-md-2 gutters-col-0 gutters-col-v-lg-2 gutters-col-v-md-2 gutters-col-v-2\">\n          <!---->\n          <div class=\"h-column h-column-container d-flex h-col-lg-auto h-col-md-auto h-col-auto style-902-outer style-local-8097-c12-outer\">\n            <div data-colibri-id=\"8097-c12\" class=\"d-flex h-flex-basis h-column__inner h-px-lg-2 h-px-md-2 h-px-2 v-inner-lg-2 v-inner-md-2 v-inner-2 style-902 style-local-8097-c12 position-relative\">\n              <!---->\n              <!---->\n              <div class=\"w-100 h-y-container h-column__content h-column__v-align flex-basis-100 align-self-lg-start align-self-md-start align-self-start\">\n                <!---->\n                <div data-colibri-id=\"8097-c13\" class=\"h-lead h-text h-text-component style-903 style-local-8097-c13 position-relative h-element\">\n                  <!---->\n                  <!---->\n                  <div class=\"\">\n                    <p>\u00b7<strong>Weyoutravelcuba es una agencia privada encargada de brindar servicios de excursiones  a distintos lugares hermosos de Cuba. D\u00e1ndole la posibilidad al cliente de experimentar un viaje de forma personalizada y de manera extraordinaria.&nbsp;<\/strong><\/p>\n                    <p><strong>&nbsp;Nuestros gu\u00edas tur\u00edsticos ofrecen una descripci\u00f3n completa de los lugares o los territorios de las excursiones. Todo lo relacionado con cultura, arte, costumbres y tradiciones cubanas.&nbsp;<\/strong><\/p>\n                    <p><strong>&nbsp;El equipo de trabajo de est\u00e1 caracterizado por su profesionalidad, tanto los gu\u00edas tur\u00edsticos con sus varios idiomas como el ingl\u00e9s, el franc\u00e9s y el ruso; como nuestros choferes y carros elegantes dedicados a que su experiencia sea inolvidable.&nbsp;&nbsp;<\/strong><\/p>\n                    <p><strong>&nbsp;Nuestros gu\u00edas privados son flexibles y pueden cambiar el itinerario de acuerdo con su inter\u00e9s especial; si es necesario, su conocimiento les permite ofrecer una visi\u00f3n de ciertos lugares o temas.&nbsp;<\/strong><\/p>\n                    <p><strong>&nbsp;Nuestra principal prioridad es la calidad del servicio, bas\u00e1ndonos en los a\u00f1os de experiencia en excursiones de nuestros trabajadores y en las opiniones de los clientes.&nbsp;<\/strong><\/p>\n                    <p>&nbsp;<strong>Con nuestro servicio puedes descubrir una Cuba diferente. Experimenta la sensaci\u00f3n y la emoci\u00f3n de vivir lo que muchos cuentan, pero solo t\u00fa con nosotros tienes la posibilidad extraordinaria de vivir.<\/strong><\/p>\n                    <p>\n                      <br>\n                    <\/p>\n                  <\/div>\n                <\/div>\n              <\/div>\n            <\/div>\n          <\/div>\n        <\/div>\n      <\/div>\n    <\/div>\n  <\/div>\n<\/div>","protected":false},"excerpt":{"rendered":"<p>\u00bfQUI\u00c9NES SOMOS? \u00b7Weyoutravelcuba es una agencia privada encargada de brindar servicios de excursiones a distintos lugares hermosos de Cuba. D\u00e1ndole la posibilidad al cliente de experimentar un viaje de forma personalizada y de manera extraordinaria.&nbsp; &nbsp;Nuestros gu\u00edas tur\u00edsticos ofrecen una descripci\u00f3n completa de los lugares o los territorios de las excursiones. Todo lo relacionado con [&hellip;]<\/p>\n","protected":false},"author":1,"featured_media":0,"parent":0,"menu_order":0,"comment_status":"closed","ping_status":"closed","template":"page-templates\/full-width-page.php","meta":{"om_disable_all_campaigns":false,"_monsterinsights_skip_tracking":false,"_monsterinsights_sitenote_active":false,"_monsterinsights_sitenote_note":"","_monsterinsights_sitenote_category":0,"ngg_post_thumbnail":0,"_themeisle_gutenberg_block_has_review":false,"footnotes":""},"class_list":["post-8097","page","type-page","status-publish","hentry"],"aioseo_notices":[],"_hostinger_reach_plugin_has_subscription_block":false,"_hostinger_reach_plugin_is_elementor":false,"jetpack_sharing_enabled":true,"featured_media_urls":[],"_links":{"self":[{"href":"https:\/\/weyoutravelcuba.com\/index.php\/wp-json\/wp\/v2\/pages\/8097","targetHints":{"allow":["GET"]}}],"collection":[{"href":"https:\/\/weyoutravelcuba.com\/index.php\/wp-json\/wp\/v2\/pages"}],"about":[{"href":"https:\/\/weyoutravelcuba.com\/index.php\/wp-json\/wp\/v2\/types\/page"}],"author":[{"embeddable":true,"href":"https:\/\/weyoutravelcuba.com\/index.php\/wp-json\/wp\/v2\/users\/1"}],"replies":[{"embeddable":true,"href":"https:\/\/weyoutravelcuba.com\/index.php\/wp-json\/wp\/v2\/comments?post=8097"}],"version-history":[{"count":20,"href":"https:\/\/weyoutravelcuba.com\/index.php\/wp-json\/wp\/v2\/pages\/8097\/revisions"}],"predecessor-version":[{"id":9868,"href":"https:\/\/weyoutravelcuba.com\/index.php\/wp-json\/wp\/v2\/pages\/8097\/revisions\/9868"}],"wp:attachment":[{"href":"https:\/\/weyoutravelcuba.com\/index.php\/wp-json\/wp\/v2\/media?parent=8097"}],"curies":[{"name":"wp","href":"https:\/\/api.w.org\/{rel}","templated":true}]}}